{"id":29,"date":"2025-10-21T12:41:48","date_gmt":"2025-10-21T12:41:48","guid":{"rendered":"https:\/\/maschenkunst-shg.de\/?page_id=29"},"modified":"2025-10-21T13:35:49","modified_gmt":"2025-10-21T13:35:49","slug":"bestellungen","status":"publish","type":"page","link":"https:\/\/maschenkunst-shg.de\/?page_id=29","title":{"rendered":"Bestellungen"},"content":{"rendered":"\n<p>Wer sich f\u00fcr meine bereits gefertigten Kleidungsst\u00fccke interessiert, kann sich mit mir in Verbindung setzen. T\u00fccher aus dem Portfolio, die noch als verf\u00fcgbar gekennzeichnet sind, k\u00f6nnen postalisch versendet werden.<\/p>\n","protected":false},"excerpt":{"rendered":"<p>Wer sich f\u00fcr meine bereits gefertigten Kleidungsst\u00fccke interessiert, kann sich mit mir in Verbindung setzen. T\u00fccher aus dem Portfolio, die noch als verf\u00fcgbar gekennzeichnet sind, k\u00f6nnen postalisch versendet werden.<\/p>\n","protected":false},"author":1,"featured_media":44,"parent":0,"menu_order":0,"comment_status":"closed","ping_status":"closed","template":"","meta":{"footnotes":""},"class_list":["post-29","page","type-page","status-publish","has-post-thumbnail","hentry"],"_links":{"self":[{"href":"https:\/\/maschenkunst-shg.de\/index.php?rest_route=\/wp\/v2\/pages\/29","targetHints":{"allow":["GET"]}}],"collection":[{"href":"https:\/\/maschenkunst-shg.de\/index.php?rest_route=\/wp\/v2\/pages"}],"about":[{"href":"https:\/\/maschenkunst-shg.de\/index.php?rest_route=\/wp\/v2\/types\/page"}],"author":[{"embeddable":true,"href":"https:\/\/maschenkunst-shg.de\/index.php?rest_route=\/wp\/v2\/users\/1"}],"replies":[{"embeddable":true,"href":"https:\/\/maschenkunst-shg.de\/index.php?rest_route=%2Fwp%2Fv2%2Fcomments&post=29"}],"version-history":[{"count":3,"href":"https:\/\/maschenkunst-shg.de\/index.php?rest_route=\/wp\/v2\/pages\/29\/revisions"}],"predecessor-version":[{"id":56,"href":"https:\/\/maschenkunst-shg.de\/index.php?rest_route=\/wp\/v2\/pages\/29\/revisions\/56"}],"wp:featuredmedia":[{"embeddable":true,"href":"https:\/\/maschenkunst-shg.de\/index.php?rest_route=\/wp\/v2\/media\/44"}],"wp:attachment":[{"href":"https:\/\/maschenkunst-shg.de\/index.php?rest_route=%2Fwp%2Fv2%2Fmedia&parent=29"}],"curies":[{"name":"wp","href":"https:\/\/api.w.org\/{rel}","templated":true}]}}