{"id":28,"date":"2025-10-21T12:41:48","date_gmt":"2025-10-21T12:41:48","guid":{"rendered":"https:\/\/maschenkunst-shg.de\/?page_id=28"},"modified":"2025-10-21T13:51:16","modified_gmt":"2025-10-21T13:51:16","slug":"veranstaltungen","status":"publish","type":"page","link":"https:\/\/maschenkunst-shg.de\/?page_id=28","title":{"rendered":"Veranstaltungen"},"content":{"rendered":"\n<p>Meine geplanten n\u00e4chsten Veranstaltungen sind:<\/p>\n\n\n\n<p><strong>Adventsgefl\u00fcster im Hotel &#8222;Der Waldkater&#8220; 15.11.2025 und 16.11.2025<\/strong><\/p>\n\n\n\n<figure class=\"wp-block-image size-full\"><img loading=\"lazy\" decoding=\"async\" width=\"1024\" height=\"1024\" src=\"https:\/\/maschenkunst-shg.de\/wp-content\/uploads\/2025\/10\/Adventsgefluester-im-Waldkater-1024x1024.jpg.webp\" alt=\"\" class=\"wp-image-60\" srcset=\"https:\/\/maschenkunst-shg.de\/wp-content\/uploads\/2025\/10\/Adventsgefluester-im-Waldkater-1024x1024.jpg.webp 1024w, https:\/\/maschenkunst-shg.de\/wp-content\/uploads\/2025\/10\/Adventsgefluester-im-Waldkater-1024x1024.jpg-300x300.webp 300w, https:\/\/maschenkunst-shg.de\/wp-content\/uploads\/2025\/10\/Adventsgefluester-im-Waldkater-1024x1024.jpg-150x150.webp 150w, https:\/\/maschenkunst-shg.de\/wp-content\/uploads\/2025\/10\/Adventsgefluester-im-Waldkater-1024x1024.jpg-768x768.webp 768w, https:\/\/maschenkunst-shg.de\/wp-content\/uploads\/2025\/10\/Adventsgefluester-im-Waldkater-1024x1024.jpg-75x75.webp 75w\" sizes=\"auto, (max-width: 1024px) 100vw, 1024px\" \/><\/figure>\n\n\n\n<p><strong>Adventsgefl\u00fcster Wendthagen am 2. Advent 2025 in Wendthagen. <\/strong><\/p>\n\n\n\n<figure class=\"wp-block-image size-large\"><img loading=\"lazy\" decoding=\"async\" width=\"726\" height=\"1024\" src=\"https:\/\/maschenkunst-shg.de\/wp-content\/uploads\/2025\/10\/IMG-20251021-WA0001-726x1024.jpg\" alt=\"\" class=\"wp-image-59\" srcset=\"https:\/\/maschenkunst-shg.de\/wp-content\/uploads\/2025\/10\/IMG-20251021-WA0001-726x1024.jpg 726w, https:\/\/maschenkunst-shg.de\/wp-content\/uploads\/2025\/10\/IMG-20251021-WA0001-213x300.jpg 213w, https:\/\/maschenkunst-shg.de\/wp-content\/uploads\/2025\/10\/IMG-20251021-WA0001-768x1083.jpg 768w, https:\/\/maschenkunst-shg.de\/wp-content\/uploads\/2025\/10\/IMG-20251021-WA0001.jpg 1080w\" sizes=\"auto, (max-width: 726px) 100vw, 726px\" \/><\/figure>\n","protected":false},"excerpt":{"rendered":"<p>Meine geplanten n\u00e4chsten Veranstaltungen sind: Adventsgefl\u00fcster im Hotel &#8222;Der Waldkater&#8220; 15.11.2025 und 16.11.2025 Adventsgefl\u00fcster Wendthagen am 2. Advent 2025 in Wendthagen.<\/p>\n","protected":false},"author":1,"featured_media":38,"parent":0,"menu_order":0,"comment_status":"closed","ping_status":"closed","template":"","meta":{"footnotes":""},"class_list":["post-28","page","type-page","status-publish","has-post-thumbnail","hentry"],"_links":{"self":[{"href":"https:\/\/maschenkunst-shg.de\/index.php?rest_route=\/wp\/v2\/pages\/28","targetHints":{"allow":["GET"]}}],"collection":[{"href":"https:\/\/maschenkunst-shg.de\/index.php?rest_route=\/wp\/v2\/pages"}],"about":[{"href":"https:\/\/maschenkunst-shg.de\/index.php?rest_route=\/wp\/v2\/types\/page"}],"author":[{"embeddable":true,"href":"https:\/\/maschenkunst-shg.de\/index.php?rest_route=\/wp\/v2\/users\/1"}],"replies":[{"embeddable":true,"href":"https:\/\/maschenkunst-shg.de\/index.php?rest_route=%2Fwp%2Fv2%2Fcomments&post=28"}],"version-history":[{"count":4,"href":"https:\/\/maschenkunst-shg.de\/index.php?rest_route=\/wp\/v2\/pages\/28\/revisions"}],"predecessor-version":[{"id":61,"href":"https:\/\/maschenkunst-shg.de\/index.php?rest_route=\/wp\/v2\/pages\/28\/revisions\/61"}],"wp:featuredmedia":[{"embeddable":true,"href":"https:\/\/maschenkunst-shg.de\/index.php?rest_route=\/wp\/v2\/media\/38"}],"wp:attachment":[{"href":"https:\/\/maschenkunst-shg.de\/index.php?rest_route=%2Fwp%2Fv2%2Fmedia&parent=28"}],"curies":[{"name":"wp","href":"https:\/\/api.w.org\/{rel}","templated":true}]}}