{"id":2,"date":"2025-10-21T13:01:50","date_gmt":"2025-10-21T13:01:50","guid":{"rendered":"https:\/\/maschenkunst-shg.de\/?page_id=2"},"modified":"2025-10-21T13:01:50","modified_gmt":"2025-10-21T13:01:50","slug":"sample-page","status":"publish","type":"page","link":"https:\/\/maschenkunst-shg.de\/","title":{"rendered":"Herzlich willkommen"},"content":{"rendered":"<p>Willkommen auf meiner Homepage.<\/p>\n<p>Hier will ich Sie ein wenig \u00fcber mich informieren, zeigen, was ich bislang getrickt habe und wo ich demn\u00e4chst zu finden sein werde. Viel Spa\u00df auf meiner Webseite<\/p>\n<p>&nbsp;<\/p>\n\n\n<p><\/p>\n","protected":false},"excerpt":{"rendered":"<p>Willkommen auf meiner Homepage. Hier will ich Sie ein wenig \u00fcber mich informieren, zeigen, was ich bislang getrickt habe und wo ich demn\u00e4chst zu finden sein werde. Viel Spa\u00df auf meiner Webseite &nbsp;<\/p>\n","protected":false},"author":1,"featured_media":40,"parent":0,"menu_order":0,"comment_status":"closed","ping_status":"closed","template":"","meta":{"footnotes":""},"class_list":["post-2","page","type-page","status-publish","has-post-thumbnail","hentry"],"_links":{"self":[{"href":"https:\/\/maschenkunst-shg.de\/index.php?rest_route=\/wp\/v2\/pages\/2","targetHints":{"allow":["GET"]}}],"collection":[{"href":"https:\/\/maschenkunst-shg.de\/index.php?rest_route=\/wp\/v2\/pages"}],"about":[{"href":"https:\/\/maschenkunst-shg.de\/index.php?rest_route=\/wp\/v2\/types\/page"}],"author":[{"embeddable":true,"href":"https:\/\/maschenkunst-shg.de\/index.php?rest_route=\/wp\/v2\/users\/1"}],"replies":[{"embeddable":true,"href":"https:\/\/maschenkunst-shg.de\/index.php?rest_route=%2Fwp%2Fv2%2Fcomments&post=2"}],"version-history":[{"count":1,"href":"https:\/\/maschenkunst-shg.de\/index.php?rest_route=\/wp\/v2\/pages\/2\/revisions"}],"predecessor-version":[{"id":52,"href":"https:\/\/maschenkunst-shg.de\/index.php?rest_route=\/wp\/v2\/pages\/2\/revisions\/52"}],"wp:featuredmedia":[{"embeddable":true,"href":"https:\/\/maschenkunst-shg.de\/index.php?rest_route=\/wp\/v2\/media\/40"}],"wp:attachment":[{"href":"https:\/\/maschenkunst-shg.de\/index.php?rest_route=%2Fwp%2Fv2%2Fmedia&parent=2"}],"curies":[{"name":"wp","href":"https:\/\/api.w.org\/{rel}","templated":true}]}}